{"id":5,"date":"2023-02-25T20:13:59","date_gmt":"2023-02-25T20:13:59","guid":{"rendered":"http:\/\/micromeros.com.br\/?page_id=5"},"modified":"2023-02-25T20:45:34","modified_gmt":"2023-02-25T20:45:34","slug":"home","status":"publish","type":"page","link":"https:\/\/micromeros.com.br\/index.php\/home\/","title":{"rendered":"Home"},"content":{"rendered":"\n<div class=\"wp-block-cover alignfull\" style=\"min-height:700px\"><span aria-hidden=\"true\" class=\"wp-block-cover__background has-background-dim-0 has-background-dim\"><\/span><img decoding=\"async\" loading=\"lazy\" width=\"1920\" height=\"1080\" class=\"wp-block-cover__image-background wp-image-28\" alt=\"\" src=\"https:\/\/micromeros.com.br\/wp-content\/uploads\/2023\/02\/capasitemic.png\" data-object-fit=\"cover\" srcset=\"https:\/\/micromeros.com.br\/wp-content\/uploads\/2023\/02\/capasitemic.png 1920w, https:\/\/micromeros.com.br\/wp-content\/uploads\/2023\/02\/capasitemic-300x169.png 300w, https:\/\/micromeros.com.br\/wp-content\/uploads\/2023\/02\/capasitemic-1024x576.png 1024w, https:\/\/micromeros.com.br\/wp-content\/uploads\/2023\/02\/capasitemic-768x432.png 768w, https:\/\/micromeros.com.br\/wp-content\/uploads\/2023\/02\/capasitemic-1536x864.png 1536w\" sizes=\"(max-width: 1920px) 100vw, 1920px\" \/><div class=\"wp-block-cover__inner-container\">\n<div style=\"height:80px\" aria-hidden=\"true\" class=\"wp-block-spacer\"><\/div>\n\n\n\n<h1 class=\"has-text-align-center has-text-color\" style=\"color:#121212\"><strong>Monitoramento 4.0 para Ativos Industriais<\/strong><\/h1>\n\n\n\n<h3 class=\"alignwide has-text-align-center\">Aumente a competividade do seu neg\u00f3cio. Chega de falhas e desperd\u00edcio na opera\u00e7\u00e3o.<\/h3>\n\n\n\n<h6 class=\"has-text-align-center\">N\u00e3o se preocupe com projeto, sensores, instala\u00e7\u00e3o, plataforma e opera\u00e7\u00e3o.<\/h6>\n\n\n\n<h6 class=\"has-text-align-center\">N\u00f3s garantimos o funcionamento do sistema de monitoramento que voc\u00ea precisa para seus ativos.<\/h6>\n\n\n\n<div class=\"is-content-justification-center is-layout-flex wp-container-1 wp-block-buttons\">\n<div class=\"wp-block-button is-style-primary\"><a class=\"wp-block-button__link wp-element-button\" href=\"https:\/\/wa.me\/message\/JYTUIBBZ3G3RN1\" target=\"_blank\" rel=\"noreferrer noopener\">FALE COM UM ESPECIALISTA<\/a><\/div>\n\n\n\n<div class=\"wp-block-button is-style-secondary\"><a class=\"wp-block-button__link wp-element-button\" href=\"https:\/\/micromeros.as3engenharia.com.br\" target=\"_blank\" rel=\"noreferrer noopener\">FA\u00c7A LOGIN<\/a><\/div>\n<\/div>\n\n\n\n<div style=\"height:80px\" aria-hidden=\"true\" class=\"wp-block-spacer\"><\/div>\n<\/div><\/div>\n","protected":false},"excerpt":{"rendered":"","protected":false},"author":1,"featured_media":0,"parent":0,"menu_order":0,"comment_status":"closed","ping_status":"closed","template":"","meta":[],"_links":{"self":[{"href":"https:\/\/micromeros.com.br\/index.php\/wp-json\/wp\/v2\/pages\/5"}],"collection":[{"href":"https:\/\/micromeros.com.br\/index.php\/wp-json\/wp\/v2\/pages"}],"about":[{"href":"https:\/\/micromeros.com.br\/index.php\/wp-json\/wp\/v2\/types\/page"}],"author":[{"embeddable":true,"href":"https:\/\/micromeros.com.br\/index.php\/wp-json\/wp\/v2\/users\/1"}],"replies":[{"embeddable":true,"href":"https:\/\/micromeros.com.br\/index.php\/wp-json\/wp\/v2\/comments?post=5"}],"version-history":[{"count":2,"href":"https:\/\/micromeros.com.br\/index.php\/wp-json\/wp\/v2\/pages\/5\/revisions"}],"predecessor-version":[{"id":29,"href":"https:\/\/micromeros.com.br\/index.php\/wp-json\/wp\/v2\/pages\/5\/revisions\/29"}],"wp:attachment":[{"href":"https:\/\/micromeros.com.br\/index.php\/wp-json\/wp\/v2\/media?parent=5"}],"curies":[{"name":"wp","href":"https:\/\/api.w.org\/{rel}","templated":true}]}}